{"id":76517,"date":"2022-12-05T17:01:48","date_gmt":"2022-12-05T16:01:48","guid":{"rendered":"https:\/\/www.kretzer.de\/?page_id=76517"},"modified":"2026-02-27T11:36:24","modified_gmt":"2026-02-27T10:36:24","slug":"downloads","status":"publish","type":"page","link":"https:\/\/www.kretzer.de\/en\/downloads\/","title":{"rendered":"Downloads"},"content":{"rendered":"<div class=\"wpb-content-wrapper\"><p>[vc_row type=&#8221;full_page_width&#8221; padding_top=&#8221;&#8221; padding_bottom=&#8221;&#8221; bg_type=&#8221;theme_default&#8221; bg_grad=&#8221;background: -webkit-gradient(linear, left top, left bottom, color-stop(0%, #FBFBFB), color-stop(50%, #E3E3E3), color-stop(100%, #C2C2C2));background: -moz-linear-gradient(top,#FBFBFB 0%,#E3E3E3 50%,#C2C2C2 100%);background: -webkit-linear-gradient(top,#FBFBFB 0%,#E3E3E3 50%,#C2C2C2 100%);background: -o-linear-gradient(top,#FBFBFB 0%,#E3E3E3 50%,#C2C2C2 100%);background: -ms-linear-gradient(top,#FBFBFB 0%,#E3E3E3 50%,#C2C2C2 100%);background: linear-gradient(top,#FBFBFB 0%,#E3E3E3 50%,#C2C2C2 100%);&#8221; parallax_style=&#8221;vcpb-default&#8221; bg_image_repeat=&#8221;no-repeat&#8221; bg_image_size=&#8221;cover&#8221; bg_img_attach=&#8221;fixed&#8221; parallax_sense=&#8221;30&#8243; bg_override=&#8221;0&#8243; css=&#8221;.vc_custom_1400516960764{margin-bottom: 0px !important;}&#8221;][vc_column]  \n    <div class=\"cg-strip cg-strip-wrap fade-in animate\" style=\"background-color:#961ec9!important; height:350px; \">\n      <div class=\"cg-strip-bg \" style=\"\" ><\/div>\n        <div class=\"row\">\n          <div  class=\"cg-pos  valign-top halign-center animate\" data-animate=\"fadeInDown\">\n            <div class=\"cg-strip-content cg-strip-545436144 light text-align-center\" >\n<h1 style=\"text-align: center;\"><img decoding=\"async\" class=\"wp-image-78130 size-full aligncenter\" src=\"https:\/\/www.kretzer.de\/wp-content\/uploads\/2024\/09\/Schere-Outline-mittel_neu.png\" alt=\"\" width=\"600\" height=\"auto\" srcset=\"https:\/\/www.kretzer.de\/wp-content\/uploads\/2024\/09\/Schere-Outline-mittel_neu.png 2560w, https:\/\/www.kretzer.de\/wp-content\/uploads\/2024\/09\/Schere-Outline-mittel_neu-768x300.png 768w, https:\/\/www.kretzer.de\/wp-content\/uploads\/2024\/09\/Schere-Outline-mittel_neu-1536x601.png 1536w, https:\/\/www.kretzer.de\/wp-content\/uploads\/2024\/09\/Schere-Outline-mittel_neu-2048x801.png 2048w, https:\/\/www.kretzer.de\/wp-content\/uploads\/2024\/09\/Schere-Outline-mittel_neu-1320x516.png 1320w, https:\/\/www.kretzer.de\/wp-content\/uploads\/2024\/09\/Schere-Outline-mittel_neu-600x235.png 600w, https:\/\/www.kretzer.de\/wp-content\/uploads\/2024\/09\/Schere-Outline-mittel_neu-64x25.png 64w\" sizes=\"(max-width: 2560px) 100vw, 2560px\" \/><\/h1>\n<\/div>\n          <\/div>\n        <\/div>\n    <\/div>\n  [\/vc_column][\/vc_row][vc_row type=&#8221;container&#8221; padding_top=&#8221;&#8221; padding_bottom=&#8221;&#8221; css=&#8221;.vc_custom_1412940054983{margin-top: 45px !important;margin-bottom: 20px !important;}&#8221;][vc_column][vc_text_separator title=&#8221;DOWNLOADS&#8221; title_align=&#8221;separator_align_left&#8221;][\/vc_column][\/vc_row][vc_row type=&#8221;full_page_width_inner_container&#8221; padding_top=&#8221;&#8221; padding_bottom=&#8221;&#8221; font_color=&#8221;#3a3a3a&#8221; bg_type=&#8221;theme_default&#8221; bg_grad=&#8221;background: -webkit-gradient(linear, left top, left bottom, color-stop(0%, #FBFBFB), color-stop(50%, #E3E3E3), color-stop(100%, #C2C2C2));background: -moz-linear-gradient(top,#FBFBFB 0%,#E3E3E3 50%,#C2C2C2 100%);background: -webkit-linear-gradient(top,#FBFBFB 0%,#E3E3E3 50%,#C2C2C2 100%);background: -o-linear-gradient(top,#FBFBFB 0%,#E3E3E3 50%,#C2C2C2 100%);background: -ms-linear-gradient(top,#FBFBFB 0%,#E3E3E3 50%,#C2C2C2 100%);background: linear-gradient(top,#FBFBFB 0%,#E3E3E3 50%,#C2C2C2 100%);&#8221; parallax_style=&#8221;vcpb-default&#8221; bg_image_repeat=&#8221;no-repeat&#8221; bg_image_size=&#8221;cover&#8221; bg_img_attach=&#8221;fixed&#8221; parallax_sense=&#8221;30&#8243; bg_override=&#8221;0&#8243; css=&#8221;.vc_custom_1670256590685{margin-bottom: 4em !important;background-color: #ffffff !important;}&#8221; el_class=&#8221;mt50 ausfuehrung&#8221;][vc_column css_animation=&#8221;bottom-to-top&#8221; width=&#8221;1\/4&#8243;][vc_single_image image=&#8221;79126&#8243; img_size=&#8221;200&#215;300&#8243; alignment=&#8221;center&#8221; onclick=&#8221;custom_link&#8221; img_link_target=&#8221;_blank&#8221; css=&#8221;.vc_custom_1772188557385{background-image: url(https:\/\/www.kretzer.de\/wp-content\/uploads\/2022\/12\/Preisliste_Nr_51-1.jpg?id=76543) !important;background-position: center !important;background-repeat: no-repeat !important;background-size: contain !important;}&#8221; link=&#8221;https:\/\/www.kretzer.de\/wp-content\/uploads\/2022\/12\/Preisliste_Nr_51.pdf&#8221;][vc_column_text css_animation=&#8221;top-to-bottom&#8221; css=&#8221;&#8221; el_class=&#8221;button downloadbutton&#8221;]<\/p>\n<p style=\"text-align: center;\"><a href=\"https:\/\/www.kretzer.de\/wp-content\/uploads\/2023\/01\/Preisliste_Nr_52.pdf\" target=\"_blank\" rel=\"noopener\">PREISLISTE 55 AB 01.02.2026<\/a><\/p>\n<p>[\/vc_column_text][\/vc_column][vc_column css_animation=&#8221;bottom-to-top&#8221; width=&#8221;1\/4&#8243;][vc_single_image image=&#8221;76563&#8243; img_size=&#8221;200&#215;300&#8243; alignment=&#8221;center&#8221; onclick=&#8221;custom_link&#8221; img_link_target=&#8221;_blank&#8221; css=&#8221;.vc_custom_1670318386357{background-image: url(https:\/\/www.kretzer.de\/wp-content\/uploads\/2022\/12\/Kretzer_Broschuere_Beruf_2017-1.png?id=76546) !important;background-position: center !important;background-repeat: no-repeat !important;background-size: contain !important;}&#8221; link=&#8221;https:\/\/www.kretzer.de\/wp-content\/uploads\/2022\/12\/Kretzer_Broschuere_Beruf_2017.pdf&#8221;][vc_column_text css_animation=&#8221;top-to-bottom&#8221; el_class=&#8221;button downloadbutton&#8221;]<\/p>\n<p style=\"text-align: center;\"><a href=\"https:\/\/www.kretzer.de\/wp-content\/uploads\/2022\/12\/Kretzer_Broschuere_Beruf_2017.pdf\" target=\"_blank\" rel=\"noopener\">KATALOG BERUF<\/a><\/p>\n<p>[\/vc_column_text][\/vc_column][vc_column css_animation=&#8221;bottom-to-top&#8221; width=&#8221;1\/4&#8243;][vc_single_image image=&#8221;76563&#8243; img_size=&#8221;200&#215;300&#8243; alignment=&#8221;center&#8221; onclick=&#8221;custom_link&#8221; img_link_target=&#8221;_blank&#8221; css=&#8221;.vc_custom_1670318369867{background-image: url(https:\/\/www.kretzer.de\/wp-content\/uploads\/2022\/12\/5531_Kretzer_Broschuere-Textil_2019_WEB-1.jpg?id=76542) !important;background-position: center !important;background-repeat: no-repeat !important;background-size: contain !important;}&#8221; link=&#8221;https:\/\/www.kretzer.de\/wp-content\/uploads\/2022\/12\/5531_Kretzer_Broschuere-Textil_2019_WEB.pdf&#8221;][vc_column_text css_animation=&#8221;top-to-bottom&#8221; el_class=&#8221;button downloadbutton&#8221;]<\/p>\n<p style=\"text-align: center;\"><a href=\"https:\/\/www.kretzer.de\/wp-content\/uploads\/2022\/12\/5531_Kretzer_Broschuere-Textil_2019_WEB.pdf\" target=\"_blank\" rel=\"noopener\">KATALOG TEXTIL<\/a><\/p>\n<p>[\/vc_column_text][\/vc_column][vc_column css_animation=&#8221;bottom-to-top&#8221; width=&#8221;1\/4&#8243;][vc_single_image image=&#8221;76563&#8243; img_size=&#8221;200&#215;300&#8243; alignment=&#8221;center&#8221; onclick=&#8221;custom_link&#8221; img_link_target=&#8221;_blank&#8221; css=&#8221;.vc_custom_1670318328650{background-image: url(https:\/\/www.kretzer.de\/wp-content\/uploads\/2022\/12\/Katalog-Hair_Low_2013_02_20-1.png?id=76545) !important;background-position: center !important;background-repeat: no-repeat !important;background-size: contain !important;}&#8221; link=&#8221;https:\/\/www.kretzer.de\/wp-content\/uploads\/2022\/12\/Katalog-Hair_Low_2013_02_20.pdf&#8220; target=&#8220;_blank&#8220; rel=&#8220;noopener&#8221;][vc_column_text css_animation=&#8221;top-to-bottom&#8221; el_class=&#8221;button downloadbutton&#8221;]<\/p>\n<p style=\"text-align: center;\"><a href=\"https:\/\/www.kretzer.de\/wp-content\/uploads\/2022\/12\/Katalog-Hair_Low_2013_02_20.pdf\" target=\"_blank\" rel=\"noopener\">KATALOG HAAR &amp; BEAUTY<\/a><\/p>\n<p>[\/vc_column_text][\/vc_column][\/vc_row][vc_row type=&#8221;full_page_width_inner_container&#8221; padding_top=&#8221;&#8221; padding_bottom=&#8221;&#8221; font_color=&#8221;#3a3a3a&#8221; bg_type=&#8221;theme_default&#8221; bg_grad=&#8221;background: -webkit-gradient(linear, left top, left bottom, color-stop(0%, #FBFBFB), color-stop(50%, #E3E3E3), color-stop(100%, #C2C2C2));background: -moz-linear-gradient(top,#FBFBFB 0%,#E3E3E3 50%,#C2C2C2 100%);background: -webkit-linear-gradient(top,#FBFBFB 0%,#E3E3E3 50%,#C2C2C2 100%);background: -o-linear-gradient(top,#FBFBFB 0%,#E3E3E3 50%,#C2C2C2 100%);background: -ms-linear-gradient(top,#FBFBFB 0%,#E3E3E3 50%,#C2C2C2 100%);background: linear-gradient(top,#FBFBFB 0%,#E3E3E3 50%,#C2C2C2 100%);&#8221; parallax_style=&#8221;vcpb-default&#8221; bg_image_repeat=&#8221;no-repeat&#8221; bg_image_size=&#8221;cover&#8221; bg_img_attach=&#8221;fixed&#8221; parallax_sense=&#8221;30&#8243; bg_override=&#8221;0&#8243; css=&#8221;.vc_custom_1670256590685{margin-bottom: 4em !important;background-color: #ffffff !important;}&#8221; el_class=&#8221;mt50 ausfuehrung&#8221;][vc_column css_animation=&#8221;bottom-to-top&#8221; width=&#8221;1\/4&#8243;][vc_single_image image=&#8221;76563&#8243; img_size=&#8221;200&#215;300&#8243; alignment=&#8221;center&#8221; onclick=&#8221;custom_link&#8221; img_link_target=&#8221;_blank&#8221; css=&#8221;.vc_custom_1670318347114{background-image: url(https:\/\/www.kretzer.de\/wp-content\/uploads\/2022\/12\/Kretzer_DIN-lang-Flyer_Hair_DIN-lang-1.png?id=76547) !important;background-position: center !important;background-repeat: no-repeat !important;background-size: contain !important;}&#8221; link=&#8221;https:\/\/www.kretzer.de\/wp-content\/uploads\/2022\/12\/Kretzer_DIN-lang-Flyer_Hair_DIN-lang.pdf&#8221;][vc_column_text css_animation=&#8221;top-to-bottom&#8221; el_class=&#8221;button downloadbutton&#8221;]<\/p>\n<p style=\"text-align: center;\"><a href=\"https:\/\/www.kretzer.de\/wp-content\/uploads\/2022\/12\/Kretzer_DIN-lang-Flyer_Hair_DIN-lang.pdf\" target=\"_blank\" rel=\"noopener\">FLYER HAARSCHEREN<\/a><\/p>\n<p>[\/vc_column_text][\/vc_column][vc_column css_animation=&#8221;bottom-to-top&#8221; width=&#8221;1\/4&#8243;][vc_single_image image=&#8221;76563&#8243; img_size=&#8221;200&#215;300&#8243; alignment=&#8221;center&#8221; onclick=&#8221;custom_link&#8221; img_link_target=&#8221;_blank&#8221; css=&#8221;.vc_custom_1670318314186{background-image: url(https:\/\/www.kretzer.de\/wp-content\/uploads\/2022\/12\/KRETZER_Hair-Flyer_finny_finnyplus-1.png?id=76548) !important;background-position: center !important;background-repeat: no-repeat !important;background-size: contain !important;}&#8221; link=&#8221;https:\/\/www.kretzer.de\/wp-content\/uploads\/2022\/12\/KRETZER_Hair-Flyer_finny_finnyplus.pdf&#8220; target=&#8220;_blank&#8220; rel=&#8220;noopener&#8221;][vc_column_text css_animation=&#8221;top-to-bottom&#8221; el_class=&#8221;button downloadbutton&#8221;]<\/p>\n<p style=\"text-align: center;\"><a href=\"https:\/\/www.kretzer.de\/wp-content\/uploads\/2022\/12\/KRETZER_Hair-Flyer_finny_finnyplus.pdf\" target=\"_blank\" rel=\"noopener\">FLYER FINNY\/FINNY+<\/a><\/p>\n<p>[\/vc_column_text][\/vc_column][vc_column css_animation=&#8221;bottom-to-top&#8221; width=&#8221;1\/4&#8243;][vc_single_image image=&#8221;76563&#8243; img_size=&#8221;200&#215;300&#8243; alignment=&#8221;center&#8221; onclick=&#8221;custom_link&#8221; img_link_target=&#8221;_blank&#8221; css=&#8221;.vc_custom_1670318297558{background-image: url(https:\/\/www.kretzer.de\/wp-content\/uploads\/2022\/12\/AGB-dt.-engl.-Kretzer-Scheren-GmbH-Version-1.2.-vom-25.10.2019-1.png?id=76544) !important;background-position: center !important;background-repeat: no-repeat !important;background-size: contain !important;}&#8221; link=&#8221;https:\/\/www.kretzer.de\/wp-content\/uploads\/2022\/12\/AGB-dt.-engl.-Kretzer-Scheren-GmbH-Version-1.2.-vom-25.10.2019.pdf&#8221;][vc_column_text css_animation=&#8221;top-to-bottom&#8221; el_class=&#8221;button downloadbutton&#8221;]<\/p>\n<p style=\"text-align: center;\"><a href=\"https:\/\/www.kretzer.de\/wp-content\/uploads\/2022\/12\/AGB-dt.-engl.-Kretzer-Scheren-GmbH-Version-1.2.-vom-25.10.2019.pdf\" target=\"_blank\" rel=\"noopener\">AGB<\/a><\/p>\n<p>[\/vc_column_text][\/vc_column][vc_column css_animation=&#8221;bottom-to-top&#8221; width=&#8221;1\/4&#8243;][\/vc_column][\/vc_row][vc_row type=&#8221;container&#8221; padding_top=&#8221;&#8221; padding_bottom=&#8221;&#8221; css=&#8221;.vc_custom_1412940054983{margin-top: 45px !important;margin-bottom: 20px !important;}&#8221;][vc_column][vc_text_separator title=&#8221;DIE WELT DER KRETZER SCHEREN&#8221; title_align=&#8221;separator_align_left&#8221;][\/vc_column][\/vc_row][vc_row type=&#8221;container&#8221; padding_top=&#8221;&#8221; padding_bottom=&#8221;&#8221;][vc_column][vc_text_separator title=&#8221;Unsere Marken&#8221; title_align=&#8221;separator_align_left&#8221; align=&#8221;align_right&#8221; el_class=&#8221;ueberschriftlinie&#8221;][vc_row_inner][vc_column_inner width=&#8221;1\/3&#8243;][vc_column_text el_class=&#8221;rahmenfein&#8221;]<\/p>\n<p style=\"text-align: center;\"><a href=\"?s=finny&amp;post_type=product&amp;dgwt_wcas=1\"><img loading=\"lazy\" decoding=\"async\" class=\"size-full wp-image-71279 aligncenter\" src=\"https:\/\/www.kretzer.de\/wp-content\/uploads\/2021\/11\/finny_logo.png\" alt=\"\" width=\"150\" height=\"53\" \/><\/a><\/p>\n<p>[\/vc_column_text][vc_column_text]<\/p>\n<p class=\"p1\" style=\"text-align: center;\">Ob f\u00fcr Haushalt, Hobby oder Beruf, in dem breiten FINNY-Sortiment finden Sie immer die richtige Schere f\u00fcr Ihr Schneidproblem. Gemacht aus rostfreiem Stahl und bruchfestem Kunststoff sind FINNY-Scheren leicht, komfortabel und praktisch unkaputtbar. Nat\u00fcrlich sind alle FINNY-Scheren sp\u00fclmaschinenfest und acetonbest\u00e4ndig. Die pr\u00e4zise abgestimmten Schliffbilder garantieren eine herausragende Sch\u00e4rfe, einen sauberen Schnitt und eine extrem lange Lebensdauer. Jede FINNY-Schere wird genauestens gepr\u00fcft, bevor sie unser Haus verl\u00e4sst. Deshalb geben wir auf alle FINNY-Scheren eine uneingeschr\u00e4nkte Garantie auf Material und Verarbeitung.<\/p>\n<p>[\/vc_column_text][\/vc_column_inner][vc_column_inner width=&#8221;1\/3&#8243;][vc_column_text el_class=&#8221;rahmenfein&#8221;]<\/p>\n<p style=\"text-align: center;\"><a href=\"?s=spirale&amp;post_type=product&amp;dgwt_wcas=1\"><img loading=\"lazy\" decoding=\"async\" class=\"size-full wp-image-71287 aligncenter\" src=\"https:\/\/www.kretzer.de\/wp-content\/uploads\/2021\/11\/spirale_logo.png\" alt=\"\" width=\"150\" height=\"53\" \/><\/a><\/p>\n<p>[\/vc_column_text][vc_column_text]<\/p>\n<p class=\"p1\" style=\"text-align: center;\">SPIRALE-Scheren stellen die jahrhunderte-alte Tradition der Scherenfertigung dar und spiegeln unser ganzes Scherenwissen. Alle SPIRALE-Scheren sind aus speziellem Scherenstahl warm geschmiedet, auf modernsten computergesteuerten Maschinen geschliffen und danach St\u00fcck f\u00fcr St\u00fcck mit h\u00f6chster handwerklicher Kunst bearbeitet. Jede SPIRALE-Schere stellt so eine individuelle Kombination aus Tradition und Moderne dar. Zum Abschluss wird jede SPIRALE-Schere von unseren Spezialisten genauestens auf Schneidverhalten gepr\u00fcft \u2013 damit Sie ein dauerhaft perfektes Schneiderlebnis haben. Auch auf unsere SPIRALE Scheren geben wir eine uneingeschr\u00e4nkte Garantie auf Material und Verarbeitung.<\/p>\n<p>[\/vc_column_text][\/vc_column_inner][vc_column_inner width=&#8221;1\/3&#8243;][vc_column_text el_class=&#8221;rahmenfein&#8221;]<\/p>\n<p style=\"text-align: center;\"><a href=\"?s=eco&amp;post_type=product&amp;dgwt_wcas=1\"><img loading=\"lazy\" decoding=\"async\" class=\"size-full wp-image-71286 aligncenter\" src=\"https:\/\/www.kretzer.de\/wp-content\/uploads\/2021\/11\/eco_logo.png\" alt=\"\" width=\"150\" height=\"53\" \/><\/a><\/p>\n<p>[\/vc_column_text][vc_column_text]<\/p>\n<p class=\"p1\" style=\"text-align: center;\">F\u00fcr alle einfachen Schneidanwendungen bietet die ECO-Serie die entsprechenden g\u00fcnstigen Scheren. Das Sortiment umfasst alle wichtigen Modelle, sowohl mit bruchfestem Kunststoffgriff oder auch traditionell aus Ganzstahl. Alle ECO-Scheren sind rostfrei und entstehen in enger Kooperation mit internationalen Partnern. Die Scheren werden genauestens gepr\u00fcft, bevor sie unser Haus verlassen. So garantieren wir eine zuverl\u00e4ssige Qualit\u00e4t zu einem g\u00fcnstigen Preis. Wir geben auf ECO \u2013Scheren eine uneingeschr\u00e4nkte Garantie auf Material und Verarbeitung.<\/p>\n<p>[\/vc_column_text][\/vc_column_inner][\/vc_row_inner][\/vc_column][\/vc_row][vc_row type=&#8221;container&#8221; padding_top=&#8221;&#8221; padding_bottom=&#8221;&#8221;][vc_column][vc_text_separator title=&#8221;Die perfekte Schere f\u00fcr Ihre Anwendung&#8221; title_align=&#8221;separator_align_left&#8221; align=&#8221;align_right&#8221; el_class=&#8221;ueberschriftlinie&#8221;][vc_row_inner el_class=&#8221;ausfuehrung&#8221;][vc_column_inner width=&#8221;1\/6&#8243;][vc_column_text el_class=&#8221;button classicbutton&#8221;]<\/p>\n<p style=\"text-align: center;\"><a href=\"?s=classic&amp;post_type=product&amp;dgwt_wcas=1\">Classic<\/a><\/p>\n<p>[\/vc_column_text][vc_column_text]<\/p>\n<p class=\"p1\" style=\"text-align: center;\">Scheren f\u00fcr den traditionellen Scherenanwender. Hochwertige Materialien gepaart mit moderner Technologie und traditioneller Handwerkskunst schaffen die perfekten Scheren f\u00fcr alle Anwendungen und Materialien.<\/p>\n<p>[\/vc_column_text][\/vc_column_inner][vc_column_inner width=&#8221;1\/6&#8243;][vc_column_text el_class=&#8221;button profibutton&#8221;]<\/p>\n<p style=\"text-align: center;\"><a href=\"?s=profi&amp;post_type=product&amp;dgwt_wcas=1\">Profi<\/a><\/p>\n<p>[\/vc_column_text][vc_column_text]<\/p>\n<p class=\"p1\" style=\"text-align: center;\">Ein breites Sortiment hochwertiger Scheren f\u00fcr den professionellen Gebrauch. Besondere Schliffbilder, perfekt geformte Klingen und komfortable Griffe machen diese Profi-Werkzeuge zu zuverl\u00e4ssigen Helfern bei allen schwierigen Schneidanwendungen.<\/p>\n<p>[\/vc_column_text][\/vc_column_inner][vc_column_inner width=&#8221;1\/6&#8243;][vc_column_text el_class=&#8221;button hobbybutton&#8221;]<\/p>\n<p style=\"text-align: center;\"><a href=\"?s=hobby&amp;post_type=product&amp;dgwt_wcas=1\">Hobby<\/a><\/p>\n<p>[\/vc_column_text][vc_column_text]<\/p>\n<p class=\"p1\" style=\"text-align: center;\">Scheren, die Ihrer Kreativit\u00e4t keine Grenzen setzen. Stabile Schneiden, pr\u00e4zise Spitzen und komfortable Griffe lassen Ihre Ideen Wirklichkeit werden.<\/p>\n<p>[\/vc_column_text][\/vc_column_inner][vc_column_inner width=&#8221;1\/6&#8243;][vc_column_text el_class=&#8221;button safecutbutton&#8221;]<\/p>\n<p style=\"text-align: center;\"><a href=\"?s=safecut&amp;post_type=product&amp;dgwt_wcas=1\">Safecut<\/a><\/p>\n<p>[\/vc_column_text][vc_column_text]<\/p>\n<p class=\"p1\" style=\"text-align: center;\">Wir sind stolz auf unsere Scheren, die nicht schneiden \u2013 zumindest keine Haut. Aufgrund des Spezialschliffs schneiden die Scheren aber alle anderen Materialien zuverl\u00e4ssig. Weniger Verletzungsgefahr, mehr Sicherheit.<\/p>\n<p>[\/vc_column_text][\/vc_column_inner][vc_column_inner width=&#8221;1\/6&#8243;][vc_column_text el_class=&#8221;button tecxbutton&#8221;]<\/p>\n<p style=\"text-align: center;\"><a href=\"?s=tec+x&amp;post_type=product&amp;dgwt_wcas=1\">Tec X und Tec XX<\/a><\/p>\n<p>[\/vc_column_text][vc_column_text]<\/p>\n<p class=\"p1\" style=\"text-align: center;\">Scheren speziell f\u00fcr die Verarbeitung von technischen Fasern und Geweben. Durch den besonderen Schliff schneiden die Scheren zuverl\u00e4ssig Aramide, Carbone und Glasfasern in (fast) jeder St\u00e4rke.<\/p>\n<p>[\/vc_column_text][\/vc_column_inner][vc_column_inner width=&#8221;1\/6&#8243;][vc_column_text el_class=&#8221;button toolsbutton&#8221;]<\/p>\n<p style=\"text-align: center;\"><a href=\"?s=tools&amp;post_type=product&amp;dgwt_wcas=1\">Tools<\/a><\/p>\n<p>[\/vc_column_text][vc_column_text]<\/p>\n<p class=\"p1\" style=\"text-align: center;\">Spezielle Scheren f\u00fcr den handwerklichen Einsatz. Robust mit stabiler Schneide trennen sie viele auch noch so hartn\u00e4ckige Materialien.<\/p>\n<p>[\/vc_column_text][\/vc_column_inner][\/vc_row_inner][\/vc_column][\/vc_row]<\/p>\n<\/div>","protected":false},"excerpt":{"rendered":"<p>[vc_row type=&#8221;full_page_width&#8221; padding_top=&#8221;&#8221; padding_bottom=&#8221;&#8221; bg_type=&#8221;theme_default&#8221; bg_grad=&#8221;background: -webkit-gradient(linear, left top, left bottom, color-stop(0%, #FBFBFB), color-stop(50%, #E3E3E3), color-stop(100%, #C2C2C2));background: -moz-linear-gradient(top,#FBFBFB 0%,#E3E3E3 50%,#C2C2C2 100%);background: -webkit-linear-gradient(top,#FBFBFB 0%,#E3E3E3 50%,#C2C2C2 100%);background: -o-linear-gradient(top,#FBFBFB 0%,#E3E3E3 50%,#C2C2C2 100%);background: -ms-linear-gradient(top,#FBFBFB 0%,#E3E3E3 50%,#C2C2C2 100%);background: linear-gradient(top,#FBFBFB 0%,#E3E3E3 50%,#C2C2C2 100%);&#8221; parallax_style=&#8221;vcpb-default&#8221; bg_image_repeat=&#8221;no-repeat&#8221; bg_image_size=&#8221;cover&#8221; bg_img_attach=&#8221;fixed&#8221; parallax_sense=&#8221;30&#8243; bg_override=&#8221;0&#8243; css=&#8221;.vc_custom_1400516960764{margin-bottom: 0px !important;}&#8221;][vc_column][\/vc_column][\/vc_row][vc_row type=&#8221;container&#8221; padding_top=&#8221;&#8221; padding_bottom=&#8221;&#8221; css=&#8221;.vc_custom_1412940054983{margin-top: 45px !important;margin-bottom: 20px !important;}&#8221;][vc_column][vc_text_separator title=&#8221;DOWNLOADS&#8221; [&hellip;]<\/p>\n","protected":false},"author":1,"featured_media":0,"parent":0,"menu_order":0,"comment_status":"open","ping_status":"closed","template":"page-full-width.php","meta":{"footnotes":""},"categories":[2824],"tags":[],"class_list":["post-76517","page","type-page","status-publish","hentry","category-downloads"],"_links":{"self":[{"href":"https:\/\/www.kretzer.de\/en\/wp-json\/wp\/v2\/pages\/76517","targetHints":{"allow":["GET"]}}],"collection":[{"href":"https:\/\/www.kretzer.de\/en\/wp-json\/wp\/v2\/pages"}],"about":[{"href":"https:\/\/www.kretzer.de\/en\/wp-json\/wp\/v2\/types\/page"}],"author":[{"embeddable":true,"href":"https:\/\/www.kretzer.de\/en\/wp-json\/wp\/v2\/users\/1"}],"replies":[{"embeddable":true,"href":"https:\/\/www.kretzer.de\/en\/wp-json\/wp\/v2\/comments?post=76517"}],"version-history":[{"count":76,"href":"https:\/\/www.kretzer.de\/en\/wp-json\/wp\/v2\/pages\/76517\/revisions"}],"predecessor-version":[{"id":79127,"href":"https:\/\/www.kretzer.de\/en\/wp-json\/wp\/v2\/pages\/76517\/revisions\/79127"}],"wp:attachment":[{"href":"https:\/\/www.kretzer.de\/en\/wp-json\/wp\/v2\/media?parent=76517"}],"wp:term":[{"taxonomy":"category","embeddable":true,"href":"https:\/\/www.kretzer.de\/en\/wp-json\/wp\/v2\/categories?post=76517"},{"taxonomy":"post_tag","embeddable":true,"href":"https:\/\/www.kretzer.de\/en\/wp-json\/wp\/v2\/tags?post=76517"}],"curies":[{"name":"wp","href":"https:\/\/api.w.org\/{rel}","templated":true}]}}